{"id":4679,"date":"2023-01-05T11:02:54","date_gmt":"2023-01-05T11:02:54","guid":{"rendered":"https:\/\/versiondigitale.net\/softyarn\/?page_id=4679"},"modified":"2023-01-26T09:41:09","modified_gmt":"2023-01-26T09:41:09","slug":"notre-groupe","status":"publish","type":"page","link":"https:\/\/softyarn.ma\/index.php\/notre-groupe\/","title":{"rendered":"Notre groupe"},"content":{"rendered":"\t\t<div data-elementor-type=\"wp-page\" data-elementor-id=\"4679\" class=\"elementor elementor-4679\">\n\t\t\t\t\t\t\t\t\t<section class=\"elementor-section elementor-top-section elementor-element elementor-element-f1baa45 tm-column-break-ipad-no tm-col-stretched-none elementor-section-boxed elementor-section-height-default elementor-section-height-default\" data-id=\"f1baa45\" data-element_type=\"section\">\n\t\t\t\t\t\t<div class=\"elementor-container elementor-column-gap-default\">\n\t\t\t\t\t<div class=\"elementor-column elementor-col-100 elementor-top-column elementor-element elementor-element-a5c6054\" data-id=\"a5c6054\" data-element_type=\"column\">\n\t\t\t<div class=\"elementor-widget-wrap elementor-element-populated\">\n\t\t\t\t\t\t\t\t<div class=\"elementor-element elementor-element-b39938b elementor-widget elementor-widget-text-editor\" data-id=\"b39938b\" data-element_type=\"widget\" data-widget_type=\"text-editor.default\">\n\t\t\t\t<div class=\"elementor-widget-container\">\n\t\t\t<style>\/*! elementor - v3.10.1 - 17-01-2023 *\/\n.elementor-widget-text-editor.elementor-drop-cap-view-stacked .elementor-drop-cap{background-color:#818a91;color:#fff}.elementor-widget-text-editor.elementor-drop-cap-view-framed .elementor-drop-cap{color:#818a91;border:3px solid;background-color:transparent}.elementor-widget-text-editor:not(.elementor-drop-cap-view-default) .elementor-drop-cap{margin-top:8px}.elementor-widget-text-editor:not(.elementor-drop-cap-view-default) .elementor-drop-cap-letter{width:1em;height:1em}.elementor-widget-text-editor .elementor-drop-cap{float:left;text-align:center;line-height:1;font-size:50px}.elementor-widget-text-editor .elementor-drop-cap-letter{display:inline-block}<\/style>\t\t\t\t<p><img loading=\"lazy\" decoding=\"async\" class=\"wp-image-4681 size-full alignright\" src=\"https:\/\/versiondigitale.net\/softyarn\/wp-content\/uploads\/2023\/01\/gs.jpeg\" alt=\"\" width=\"600\" height=\"446\" srcset=\"https:\/\/softyarn.ma\/contenu\/uploads\/2023\/01\/gs.jpeg 600w, https:\/\/softyarn.ma\/contenu\/uploads\/2023\/01\/gs-300x223.jpeg 300w\" sizes=\"auto, (max-width: 600px) 100vw, 600px\" \/><\/p><p style=\"font-weight: 400;\">En 1918,\u00a0Cr\u00e9ation par M.Haj M\u2019hamed de la maison m\u00e8re au Maroc pour l\u2019exportation des tissus et produits d\u2019artisanat vers le S\u00e9n\u00e9gal et le Mali.<\/p><p style=\"font-weight: 400;\">En 1948,\u00a0Importation au Maroc de la ville de Lyon (France) de tissus par son fils Abdellatif Kabbaj.<\/p><p style=\"font-weight: 400;\">En 1968, M.Mohamed Kabbaj petits fils de M.Haj M\u2019hamed, prend le relai et lance l\u2019impression de foulards, puis \u00e9tent l\u2019activit\u00e9 avec la cr\u00e9ation de plusieurs m\u00e9tiers du textile.<\/p><p style=\"font-weight: 400;\">En 1981,\u00a0Cr\u00e9ation de Soft Filature.<\/p><p style=\"font-weight: 400;\">En 1987,\u00a0D\u00e9marrage de l\u2019activit\u00e9 immobili\u00e8re avec la construction du 1er projet immobilier.<\/p><p style=\"font-weight: 400;\">En 1995,\u00a0Cr\u00e9ation de la fondation Amine Kabbaj, en charge de la construction d\u2019h\u00f4pitaux au Maroc pour les n\u00e9cessiteux.<\/p><p style=\"font-weight: 400;\">En 1996,\u00a0D\u00e9but professionnel de la 4\u00e9me g\u00e9n\u00e9ration.<\/p><p style=\"font-weight: 400;\"><img loading=\"lazy\" decoding=\"async\" class=\"alignleft wp-image-4718 size-full\" src=\"https:\/\/versiondigitale.net\/softyarn\/wp-content\/uploads\/2023\/01\/frf-1.jpg\" alt=\"\" width=\"573\" height=\"502\" srcset=\"https:\/\/softyarn.ma\/contenu\/uploads\/2023\/01\/frf-1.jpg 573w, https:\/\/softyarn.ma\/contenu\/uploads\/2023\/01\/frf-1-300x263.jpg 300w\" sizes=\"auto, (max-width: 573px) 100vw, 573px\" \/>En 1999,\u00a0SOFTGROUP devient la 1\u00e8re entreprise \u00e0 recevoir le certificat ISO 9001.<\/p><p style=\"font-weight: 400;\">En 2001, Soft a investi 12M\u20ac pour renouveler et agrandir son parc machine en entier<\/p><p style=\"font-weight: 400;\"><img loading=\"lazy\" decoding=\"async\" class=\"alignright wp-image-4716 size-large\" src=\"https:\/\/versiondigitale.net\/softyarn\/wp-content\/uploads\/2023\/01\/Bandeau-Femme-683x1024.jpg\" alt=\"\" width=\"683\" height=\"1024\" srcset=\"https:\/\/softyarn.ma\/contenu\/uploads\/2023\/01\/Bandeau-Femme-683x1024.jpg 683w, https:\/\/softyarn.ma\/contenu\/uploads\/2023\/01\/Bandeau-Femme-200x300.jpg 200w, https:\/\/softyarn.ma\/contenu\/uploads\/2023\/01\/Bandeau-Femme-768x1152.jpg 768w, https:\/\/softyarn.ma\/contenu\/uploads\/2023\/01\/Bandeau-Femme-1024x1536.jpg 1024w, https:\/\/softyarn.ma\/contenu\/uploads\/2023\/01\/Bandeau-Femme.jpg 1344w\" sizes=\"auto, (max-width: 683px) 100vw, 683px\" \/>En 2002, Cr\u00e9ation et lancement de la marque DIAMANTINE.<\/p><p style=\"font-weight: 400;\">En 2003,\u00a0Premi\u00e8re inauguration royale d\u2019un centre m\u00e9dicale r\u00e9alis\u00e9 par la Fondation Amine Kabbaj.<\/p><p style=\"font-weight: 400;\">En 2007,\u00a0SOFTGROUP devient le plus important producteur national de pulls 100% \u00e0 l\u2019export.<\/p><p style=\"font-weight: 400;\">En 2008,\u00a0Soft a \u00e9t\u00e9 certifi\u00e9 en ISO 9001 v 2008<\/p><p style=\"font-weight: 400;\">En 2009,\u00a0Le groupe se d\u00e9veloppe et devient le plus important producteur d\u2019habits traditionnels f\u00e9minins et masculins. Soft suit l\u2019innovation technologique, dans laquelle elle s\u2019est toujours appuy\u00e9e, pour renouveler ses machines de filature et de teinture.<\/p><p style=\"font-weight: 400;\">En 2011,\u00a0Expansion de la marque DIAMANTINE \u00e0 l\u2019international avec l\u2019ouverture d\u2019un premier point de vente en Alg\u00e9rie.<\/p><p style=\"font-weight: 400;\">En 2012,\u00a0DIAMANTINE est \u00e9lue 1\u00e8re marque marocaine de commerce et de distribution au Maroc.<\/p><p style=\"font-weight: 400;\">En 2013,\u00a0Lancement de la plus grande plateforme logistique au Maroc.<\/p><p style=\"font-weight: 400;\">En 2014, Lancement de la nouvelle famille de produits Accessoires.<\/p><p style=\"font-weight: 400;\">En 2015,\u00a0Ouverture du premier magasin DIAMANTINE au Moyen-Orient \u00e0 Abu Dhabi. C\u00e9l\u00e9bration des 30 ans de SOFTGROUP immobilier. Premier partenariat avec DECATHLON MAROC. Prix de la meilleure franchise marocaine au salon de la franchise MENA \u00e0 Duba\u00ef.<\/p><p style=\"font-weight: 400;\">En 2016,\u00a0Soft met en place une station d\u2019\u00e9puration des eaux us\u00e9es afin de participer \u00e0 la pr\u00e9servation \u00e9cologique de la r\u00e9gion. Inauguration de la premi\u00e8re r\u00e9sidence locative \u00e0 Casablanca.<\/p><p style=\"font-weight: 400;\">En 2017,\u00a0cr\u00e9ation de soft technical textile \u00a0, leader du textile technique en non tiss\u00e9 , et plus grand fabricant de sac \u00e9cologique<\/p><p style=\"font-weight: 400;\">En 2018,\u00a0Bigdil rejoint la famille SoftGroup et ouverture de points de ventes en Hollande, en C\u00f4te d\u2019Ivoire, \u00e0 Oman et \u00e0 l\u2019\u00eele de France.<\/p><p style=\"font-weight: 400;\">En 2019,\u00a0Soft s\u2019oriente vers la production des produits recycl\u00e9s afin de r\u00e9pondre au besoin du march\u00e9 et obtient la certification Global recycled standard GRS 3.0. Soft est le premier groupe marocain qui participe au salon \u00ab\u00a0Istanbul yarn fair \u00bb en sa 16<sup>\u00e8me<\/sup> \u00e9dition.<\/p><p style=\"font-weight: 400;\">En 2020,\u00a0M. Abdelatif Kabbaj est class\u00e9 24 \u00e8me sur 100 jeunes dirigeants africains, qui jouent un r\u00f4le primordial dans le d\u00e9veloppement \u00e9conomique de leur continent, une \u00e9tude d\u00e9voil\u00e9e par l\u2019institut Choiseul Afrique 100 \u2013 Les leaders \u00e9conomiques de demain. La filiale SOFTECH sp\u00e9cialis\u00e9e dans le tissu technique rel\u00e8ve le d\u00e9fi de fabrication des masques afin d\u2019alimenter le stock du royaume.<\/p><p style=\"font-weight: 400;\">En 2021 ,\u00a0Une collection \u00e9poustouflante de ch\u00e2les et foulards est n\u00e9e de la collaboration avec l\u2019influenceuse maroco-portugaise Sara Coelho Ansari , une capsule mode sophistiqu\u00e9e, \u00e9l\u00e9gante et ultra-glamour qui embarque dans un voyage vers trois univers marqu\u00e9s par un floril\u00e8ge d\u2019imprim\u00e9s tous aussi raffin\u00e9s.<\/p>\t\t\t\t\t\t<\/div>\n\t\t\t\t<\/div>\n\t\t\t\t\t<\/div>\n\t\t<\/div>\n\t\t\t\t\t\t\t<\/div>\n\t\t<\/section>\n\t\t\t\t<section class=\"elementor-section elementor-top-section elementor-element elementor-element-967c1a8 tm-column-break-ipad-no tm-col-stretched-none elementor-section-boxed elementor-section-height-default elementor-section-height-default\" data-id=\"967c1a8\" data-element_type=\"section\">\n\t\t\t\t\t\t<div class=\"elementor-container elementor-column-gap-default\">\n\t\t\t\t\t<div class=\"elementor-column elementor-col-100 elementor-top-column elementor-element elementor-element-2ebddfa\" data-id=\"2ebddfa\" data-element_type=\"column\">\n\t\t\t<div class=\"elementor-widget-wrap elementor-element-populated\">\n\t\t\t\t\t\t\t\t<div class=\"elementor-element elementor-element-7dfac18 elementor-widget elementor-widget-image\" data-id=\"7dfac18\" data-element_type=\"widget\" data-widget_type=\"image.default\">\n\t\t\t\t<div class=\"elementor-widget-container\">\n\t\t\t<style>\/*! elementor - v3.10.1 - 17-01-2023 *\/\n.elementor-widget-image{text-align:center}.elementor-widget-image a{display:inline-block}.elementor-widget-image a img[src$=\".svg\"]{width:48px}.elementor-widget-image img{vertical-align:middle;display:inline-block}<\/style>\t\t\t\t\t\t\t\t\t\t\t\t<img loading=\"lazy\" decoding=\"async\" width=\"847\" height=\"847\" src=\"https:\/\/softyarn.ma\/contenu\/uploads\/2023\/01\/arborescence-softgroup.png\" class=\"attachment-large size-large wp-image-4809\" alt=\"\" srcset=\"https:\/\/softyarn.ma\/contenu\/uploads\/2023\/01\/arborescence-softgroup.png 851w, https:\/\/softyarn.ma\/contenu\/uploads\/2023\/01\/arborescence-softgroup-300x300.png 300w, https:\/\/softyarn.ma\/contenu\/uploads\/2023\/01\/arborescence-softgroup-150x150.png 150w, https:\/\/softyarn.ma\/contenu\/uploads\/2023\/01\/arborescence-softgroup-768x768.png 768w\" sizes=\"auto, (max-width: 847px) 100vw, 847px\" data-id=\"4809\" \/>\t\t\t\t\t\t\t\t\t\t\t\t\t\t\t<\/div>\n\t\t\t\t<\/div>\n\t\t\t\t\t<\/div>\n\t\t<\/div>\n\t\t\t\t\t\t\t<\/div>\n\t\t<\/section>\n\t\t\t\t\t\t\t<\/div>\n\t\t","protected":false},"excerpt":{"rendered":"<p>En 1918,\u00a0Cr\u00e9ation par M.Haj M\u2019hamed de la maison m\u00e8re au Maroc pour l\u2019exportation des tissus et produits d\u2019artisanat vers le S\u00e9n\u00e9gal et le Mali. En 1948,\u00a0Importation au Maroc de la ville de Lyon (France) de tissus par son fils Abdellatif Kabbaj. En 1968, M.Mohamed Kabbaj petits fils de M.Haj M\u2019hamed, prend le relai et lance &hellip; <a href=\"https:\/\/softyarn.ma\/index.php\/notre-groupe\/\" class=\"more-link\">Continue reading <span class=\"screen-reader-text\">Notre groupe<\/span><\/a><\/p>\n","protected":false},"author":1,"featured_media":0,"parent":0,"menu_order":0,"comment_status":"closed","ping_status":"closed","template":"","meta":{"footnotes":""},"class_list":["post-4679","page","type-page","status-publish","hentry"],"_links":{"self":[{"href":"https:\/\/softyarn.ma\/index.php\/wp-json\/wp\/v2\/pages\/4679","targetHints":{"allow":["GET"]}}],"collection":[{"href":"https:\/\/softyarn.ma\/index.php\/wp-json\/wp\/v2\/pages"}],"about":[{"href":"https:\/\/softyarn.ma\/index.php\/wp-json\/wp\/v2\/types\/page"}],"author":[{"embeddable":true,"href":"https:\/\/softyarn.ma\/index.php\/wp-json\/wp\/v2\/users\/1"}],"replies":[{"embeddable":true,"href":"https:\/\/softyarn.ma\/index.php\/wp-json\/wp\/v2\/comments?post=4679"}],"version-history":[{"count":64,"href":"https:\/\/softyarn.ma\/index.php\/wp-json\/wp\/v2\/pages\/4679\/revisions"}],"predecessor-version":[{"id":4812,"href":"https:\/\/softyarn.ma\/index.php\/wp-json\/wp\/v2\/pages\/4679\/revisions\/4812"}],"wp:attachment":[{"href":"https:\/\/softyarn.ma\/index.php\/wp-json\/wp\/v2\/media?parent=4679"}],"curies":[{"name":"wp","href":"https:\/\/api.w.org\/{rel}","templated":true}]}}